{"id":3048,"date":"2023-07-10T13:48:09","date_gmt":"2023-07-10T10:48:09","guid":{"rendered":"http:\/\/asgdisticaret.com\/example-page\/"},"modified":"2024-02-11T21:52:01","modified_gmt":"2024-02-11T18:52:01","slug":"example-page","status":"publish","type":"page","link":"https:\/\/asgdisticaret.com\/en\/example-page\/","title":{"rendered":"Example page"},"content":{"rendered":"\n<p>This is a sample page. It differs from a blog post because it remains fixed in a specific place and its title is displayed in your theme&#8217;s navigation menu (most themes support it). Many people use an About page to welcome potential visitors. A page that looks like this:<\/p>\n\n<blockquote class=\"wp-block-quote is-layout-flow wp-block-quote-is-layout-flow\"><p>Hello! I am a bike messenger by day and an aspiring actor by night, and this is my website. I live in Istanbul, I have a wonderful dog named B\u0131d\u0131k and I love to drink pi\u00f1a colada. (And getting caught in the rain.)<\/p><\/blockquote>\n\n<p>&#8230;or something like that:<\/p>\n\n<blockquote class=\"wp-block-quote is-layout-flow wp-block-quote-is-layout-flow\"><p>XYZ was founded in 1971 and has been producing quality products ever since. Based in Gotham City, the XYZ Corporation employs over 2,000 people and strives to do what&#8217;s best for Gotham City.<\/p><\/blockquote>\n\n<p>As a new WordPress user, you should first go <a href=\"http:\/\/asgdisticaret.com\/wp-admin\/\">to the start page<\/a>, delete this page and create your own pages. Have fun!<\/p>\n","protected":false},"excerpt":{"rendered":"<p>This is a sample page. It differs from a blog post because it remains fixed in a specific place and its title is displayed in your theme&#8217;s navigation menu (most themes support it). Many people use an About page to welcome potential visitors. A page that looks like this: Hello! I am a bike messenger [&hellip;]<\/p>\n","protected":false},"author":1,"featured_media":0,"parent":0,"menu_order":0,"comment_status":"closed","ping_status":"open","template":"","meta":{"site-sidebar-layout":"default","site-content-layout":"","ast-site-content-layout":"","site-content-style":"default","site-sidebar-style":"default","ast-global-header-display":"","ast-banner-title-visibility":"","ast-main-header-display":"","ast-hfb-above-header-display":"","ast-hfb-below-header-display":"","ast-hfb-mobile-header-display":"","site-post-title":"","ast-breadcrumbs-content":"","ast-featured-img":"","footer-sml-layout":"","theme-transparent-header-meta":"","adv-header-id-meta":"","stick-header-meta":"","header-above-stick-meta":"","header-main-stick-meta":"","header-below-stick-meta":"","astra-migrate-meta-layouts":"default","ast-page-background-enabled":"default","ast-page-background-meta":{"desktop":{"background-color":"","background-image":"","background-repeat":"repeat","background-position":"center center","background-size":"auto","background-attachment":"scroll","background-type":"","background-media":"","overlay-type":"","overlay-color":"","overlay-gradient":""},"tablet":{"background-color":"","background-image":"","background-repeat":"repeat","background-position":"center center","background-size":"auto","background-attachment":"scroll","background-type":"","background-media":"","overlay-type":"","overlay-color":"","overlay-gradient":""},"mobile":{"background-color":"","background-image":"","background-repeat":"repeat","background-position":"center center","background-size":"auto","background-attachment":"scroll","background-type":"","background-media":"","overlay-type":"","overlay-color":"","overlay-gradient":""}},"ast-content-background-meta":{"desktop":{"background-color":"var(--ast-global-color-5)","background-image":"","background-repeat":"repeat","background-position":"center center","background-size":"auto","background-attachment":"scroll","background-type":"","background-media":"","overlay-type":"","overlay-color":"","overlay-gradient":""},"tablet":{"background-color":"var(--ast-global-color-5)","background-image":"","background-repeat":"repeat","background-position":"center center","background-size":"auto","background-attachment":"scroll","background-type":"","background-media":"","overlay-type":"","overlay-color":"","overlay-gradient":""},"mobile":{"background-color":"var(--ast-global-color-5)","background-image":"","background-repeat":"repeat","background-position":"center center","background-size":"auto","background-attachment":"scroll","background-type":"","background-media":"","overlay-type":"","overlay-color":"","overlay-gradient":""}},"footnotes":""},"class_list":["post-3048","page","type-page","status-publish","hentry"],"_links":{"self":[{"href":"https:\/\/asgdisticaret.com\/en\/wp-json\/wp\/v2\/pages\/3048","targetHints":{"allow":["GET"]}}],"collection":[{"href":"https:\/\/asgdisticaret.com\/en\/wp-json\/wp\/v2\/pages"}],"about":[{"href":"https:\/\/asgdisticaret.com\/en\/wp-json\/wp\/v2\/types\/page"}],"author":[{"embeddable":true,"href":"https:\/\/asgdisticaret.com\/en\/wp-json\/wp\/v2\/users\/1"}],"replies":[{"embeddable":true,"href":"https:\/\/asgdisticaret.com\/en\/wp-json\/wp\/v2\/comments?post=3048"}],"version-history":[{"count":1,"href":"https:\/\/asgdisticaret.com\/en\/wp-json\/wp\/v2\/pages\/3048\/revisions"}],"predecessor-version":[{"id":3050,"href":"https:\/\/asgdisticaret.com\/en\/wp-json\/wp\/v2\/pages\/3048\/revisions\/3050"}],"wp:attachment":[{"href":"https:\/\/asgdisticaret.com\/en\/wp-json\/wp\/v2\/media?parent=3048"}],"curies":[{"name":"wp","href":"https:\/\/api.w.org\/{rel}","templated":true}]}}